{"id":33174,"date":"2019-03-18T12:20:18","date_gmt":"2019-03-18T12:20:18","guid":{"rendered":"https:\/\/www.hawe-wester.de\/news-events\/"},"modified":"2026-02-17T14:48:59","modified_gmt":"2026-02-17T14:48:59","slug":"news-events","status":"publish","type":"page","link":"https:\/\/www.hawe-wester.de\/en\/news-events\/","title":{"rendered":"News &amp; Events"},"content":{"rendered":"<div class=\"wpb-content-wrapper\"><p>[vc_row full_width=&#8221;stretch_row&#8221; gap=&#8221;10&#8243; css=&#8221;.vc_custom_1688459070822{margin-top: -50px !important;padding-top: 50px !important;background-color: #f3f3f3 !important;}&#8221;][vc_column width=&#8221;1\/2&#8243; css=&#8221;.vc_custom_1732711707099{background-color: #555555 !important;}&#8221;][vc_column_text css_animation=&#8221;slideInLeft&#8221;]<\/p>\n<h2 style=\"text-align: center;\"><span style=\"color: #8b9ca0;\"><strong>Dates<\/strong><\/span><\/h2>\n<p>[\/vc_column_text]<div data-id=\"mpc_icon_column-5169d6351900c84\" class=\"mpc-icon-column mpc-init mpc-parent-hover mpc-transition mpc-icon-column--style_1 mpc-align--center \" ><div data-id=\"mpc_icon-8869d63519010de\" class=\"mpc-icon mpc-init mpc-transition mpc-effect-none mpc-icon--image \"><div class=\"mpc-icon-wrap\"><i class=\"mpc-icon-part mpc-regular mpc-transition \"><img decoding=\"async\" class=\"\" src=\"https:\/\/www.hawe-wester.de\/wp-content\/uploads\/2025\/10\/agraLeipzig2026.jpg\" width=\"240\" height=\"115\" alt=\"agraLeipzig2026\" title=\"agraLeipzig2026\" loading=\"lazy\" \/><\/i><\/div><\/div><div class=\"mpc-icon-column__content-wrap\"><div class=\"mpc-icon-column__content\"><div data-id=\"mpc_divider-1969d635190110e\" class=\"mpc-divider-wrap\"><div class=\"mpc-divider mpc-init mpc-align--center mpc-disable--left \" ><div class=\"mpc-divider__line mpc-side--left\"><span><\/span><\/div><div class=\"mpc-divider__line mpc-side--right\"><span><\/span><\/div><\/div><\/div><div class=\"mpc-icon-column__description mpc-transition\"><div class=\"et_pb_column et_pb_column_1_3 et_pb_column_0_tb_header et_pb_css_mix_blend_mode_passthrough\">\n<div class=\"et_pb_module et_pb_text et_pb_text_0_tb_header et_pb_text_align_left et_pb_bg_layout_light\">\n<div class=\"et_pb_text_inner\">\n<h4 style=\"text-align: center;\"><span style=\"color: #ededed;\">April 9 to 12, 2026 | New Leipzig Trade Fair (Germany)<\/span><\/h4>\n<\/div>\n<\/div>\n<\/div>\n<h4 class=\"text-white mb-0\" style=\"text-align: center;\"><span style=\"color: #e0e0e0;\"><span style=\"color: #ededed;\">more information about the event<\/span> <a style=\"color: #e0e0e0;\" href=\"https:\/\/www.agritechnica.com\/dehttps:\/\/www.agra-messe.de\/\" target=\"_blank\" rel=\"noopener\">here<\/a><\/span><\/h4>\n<\/div><\/div><\/div><\/div><div data-id=\"mpc_divider-3469d63519011a1\" class=\"mpc-divider-wrap\"><div class=\"mpc-divider mpc-init mpc-align--center mpc-disable--left \" ><div class=\"mpc-divider__line mpc-side--left\"><span><\/span><\/div><div class=\"mpc-divider__line mpc-side--right\"><span><\/span><\/div><\/div><\/div><div data-id=\"mpc_icon_column-3269d63519011f9\" class=\"mpc-icon-column mpc-init mpc-parent-hover mpc-transition mpc-icon-column--style_1 mpc-align--center \" ><div data-id=\"mpc_icon-3669d635190155c\" class=\"mpc-icon mpc-init mpc-transition mpc-effect-none mpc-icon--image \"><div class=\"mpc-icon-wrap\"><i class=\"mpc-icon-part mpc-regular mpc-transition \"><img decoding=\"async\" class=\"\" src=\"https:\/\/www.hawe-wester.de\/wp-content\/uploads\/2024\/04\/borgebyfaltdagar.jpg\" width=\"240\" height=\"115\" alt=\"borgebyfaltdagar\" title=\"borgebyfaltdagar\" loading=\"lazy\" \/><\/i><\/div><\/div><div class=\"mpc-icon-column__content-wrap\"><div class=\"mpc-icon-column__content\"><div data-id=\"mpc_divider-6569d635190157a\" class=\"mpc-divider-wrap\"><div class=\"mpc-divider mpc-init mpc-align--center mpc-disable--left \" ><div class=\"mpc-divider__line mpc-side--left\"><span><\/span><\/div><div class=\"mpc-divider__line mpc-side--right\"><span><\/span><\/div><\/div><\/div><div class=\"mpc-icon-column__description mpc-transition\"><div class=\"et_pb_column et_pb_column_1_3 et_pb_column_0_tb_header et_pb_css_mix_blend_mode_passthrough\">\n<div class=\"et_pb_module et_pb_text et_pb_text_0_tb_header et_pb_text_align_left et_pb_bg_layout_light\">\n<div class=\"et_pb_text_inner\">\n<h4 style=\"text-align: center;\"><span style=\"color: #ededed;\"><b>24. June 24th &amp; 25th 2026 <\/b><b>Borgeby F\u00e4ltdagar<\/b> (Sweden)<\/span><\/h4>\n<\/div>\n<\/div>\n<\/div>\n<h4 class=\"text-white mb-0\" style=\"text-align: center;\"><span style=\"color: #e0e0e0;\"><span style=\"color: #ededed;\">more information about the event<\/span> <a style=\"color: #e0e0e0;\" href=\"https:\/\/www.borgebyfaltdagar.se\/\" target=\"_blank\" rel=\"noopener\">here<\/a><\/span><\/h4>\n<\/div><\/div><\/div><\/div><div data-id=\"mpc_divider-1069d63519015ea\" class=\"mpc-divider-wrap\"><div class=\"mpc-divider mpc-init mpc-align--center mpc-disable--left \" ><div class=\"mpc-divider__line mpc-side--left\"><span><\/span><\/div><div class=\"mpc-divider__line mpc-side--right\"><span><\/span><\/div><\/div><\/div><div data-id=\"mpc_icon_column-1769d635190163d\" class=\"mpc-icon-column mpc-init mpc-parent-hover mpc-transition mpc-icon-column--style_1 mpc-align--center \" ><div data-id=\"mpc_icon-6869d63519019cf\" class=\"mpc-icon mpc-init mpc-transition mpc-effect-none mpc-icon--image \"><div class=\"mpc-icon-wrap\"><i class=\"mpc-icon-part mpc-regular mpc-transition \"><img decoding=\"async\" class=\"\" src=\"https:\/\/www.hawe-wester.de\/wp-content\/uploads\/2023\/07\/MeLa.jpg\" width=\"240\" height=\"115\" alt=\"MeLa\" title=\"MeLa\" loading=\"lazy\" \/><\/i><\/div><\/div><div class=\"mpc-icon-column__content-wrap\"><div class=\"mpc-icon-column__content\"><div data-id=\"mpc_divider-2269d63519019eb\" class=\"mpc-divider-wrap\"><div class=\"mpc-divider mpc-init mpc-align--center mpc-disable--left \" ><div class=\"mpc-divider__line mpc-side--left\"><span><\/span><\/div><div class=\"mpc-divider__line mpc-side--right\"><span><\/span><\/div><\/div><\/div><div class=\"mpc-icon-column__description mpc-transition\"><div class=\"et_pb_column et_pb_column_1_3 et_pb_column_0_tb_header et_pb_css_mix_blend_mode_passthrough\">\n<div class=\"et_pb_module et_pb_text et_pb_text_0_tb_header et_pb_text_align_left et_pb_bg_layout_light\">\n<div class=\"et_pb_text_inner\">\n<h4 style=\"text-align: center;\"><span style=\"color: #ededed;\">September 10 to 13, 2026 M\u00fchlengeez (Germany)<\/span><\/h4>\n<\/div>\n<\/div>\n<\/div>\n<h4 class=\"text-white mb-0\" style=\"text-align: center;\"><span style=\"color: #e0e0e0;\"><span style=\"color: #ededed;\">more information about the event<\/span> <a style=\"color: #e0e0e0;\" href=\"https:\/\/www.mela-messe.de\/\" target=\"_blank\" rel=\"noopener\">here<\/a><\/span><\/h4>\n<\/div><\/div><\/div><\/div><div data-id=\"mpc_divider-9969d6351901a5a\" class=\"mpc-divider-wrap\"><div class=\"mpc-divider mpc-init mpc-align--center mpc-disable--left \" ><div class=\"mpc-divider__line mpc-side--left\"><span><\/span><\/div><div class=\"mpc-divider__line mpc-side--right\"><span><\/span><\/div><\/div><\/div><div data-id=\"mpc_icon_column-269d6351901aaa\" class=\"mpc-icon-column mpc-init mpc-parent-hover mpc-transition mpc-icon-column--style_1 mpc-align--center \" ><div data-id=\"mpc_icon-9669d6351901e1a\" class=\"mpc-icon mpc-init mpc-transition mpc-effect-none mpc-icon--image \"><div class=\"mpc-icon-wrap\"><i class=\"mpc-icon-part mpc-regular mpc-transition \"><img decoding=\"async\" class=\"\" src=\"https:\/\/www.hawe-wester.de\/wp-content\/uploads\/2023\/01\/AgroShow.jpg\" width=\"240\" height=\"115\" alt=\"AgroShow\" title=\"AgroShow\" loading=\"lazy\" \/><\/i><\/div><\/div><div class=\"mpc-icon-column__content-wrap\"><div class=\"mpc-icon-column__content\"><div data-id=\"mpc_divider-2369d6351901e36\" class=\"mpc-divider-wrap\"><div class=\"mpc-divider mpc-init mpc-align--center mpc-disable--left \" ><div class=\"mpc-divider__line mpc-side--left\"><span><\/span><\/div><div class=\"mpc-divider__line mpc-side--right\"><span><\/span><\/div><\/div><\/div><div class=\"mpc-icon-column__description mpc-transition\"><div class=\"et_pb_column et_pb_column_1_3 et_pb_column_0_tb_header et_pb_css_mix_blend_mode_passthrough\">\n<div class=\"et_pb_module et_pb_text et_pb_text_0_tb_header et_pb_text_align_left et_pb_bg_layout_light\">\n<div class=\"et_pb_text_inner\">\n<h4 style=\"text-align: center;\"><span style=\"color: #ededed;\"><strong>September 18\u201320, 2026 | AGRO SHOW Bednary\/near Pozna\u0144 (Poland)<\/strong><\/span><\/h4>\n<\/div>\n<\/div>\n<\/div>\n<h4 class=\"text-white mb-0\" style=\"text-align: center;\"><span style=\"color: #e0e0e0;\"><span style=\"color: #ededed;\">more information about the event<\/span> <a style=\"color: #e0e0e0;\" href=\"https:\/\/agroshow.pl\/agroshow\/de\" target=\"_blank\" rel=\"noopener\">here<\/a><\/span><\/h4>\n<\/div><\/div><\/div><\/div>[\/vc_column][vc_column width=&#8221;1\/2&#8243; css=&#8221;.vc_custom_1688458086045{background-color: #ffffff !important;}&#8221;][vc_column_text css_animation=&#8221;slideInRight&#8221; css=&#8221;&#8221;]<\/p>\n<h2 class=\"vc_custom_heading vc_custom_1683272772720\" style=\"text-align: center;\"><span style=\"color: #8b9ca0;\">The new generation RUW-A 5000<br \/>\n<\/span><\/h2>\n<h2 style=\"text-align: center;\"><span style=\"color: #8b9ca0;\"><strong> <\/strong><\/span><\/h2>\n<p>[\/vc_column_text]\n\t\t\t<!-- START Slider 2 REVOLUTION SLIDER 6.5.11 --><p class=\"rs-p-wp-fix\"><\/p>\n\t\t\t<rs-module-wrap id=\"rev_slider_17_1_wrapper\" data-source=\"gallery\" style=\"visibility:hidden;background:transparent;padding:0;margin:0px auto;margin-top:0;margin-bottom:0;\">\n\t\t\t\t<rs-module id=\"rev_slider_17_1\" style=\"\" data-version=\"6.5.11\">\n\t\t\t\t\t<rs-slides>\n\t\t\t\t\t\t<rs-slide style=\"position: absolute;\" data-key=\"rs-50\" data-title=\"Slide\" data-in=\"o:0;\" data-out=\"a:false;\">\n\t\t\t\t\t\t\t<img decoding=\"async\" src=\"\/\/www.hawe-wester.de\/wp-content\/plugins\/revslider\/public\/assets\/assets\/dummy.png\" alt=\"Slide\" title=\"News &amp; Events\" class=\"rev-slidebg tp-rs-img rs-lazyload\" data-lazyload=\"\/\/www.hawe-wester.de\/wp-content\/plugins\/revslider\/public\/assets\/assets\/transparent.png\" data-no-retina>\n<!--\n\t\t\t\t\t\t\t--><rs-layer\n\t\t\t\t\t\t\t\tid=\"slider-17-slide-50-layer-0\" \n\t\t\t\t\t\t\t\tclass=\"rs-layer-video intrinsic-ignore\"\n\t\t\t\t\t\t\t\tdata-type=\"video\"\n\t\t\t\t\t\t\t\tdata-rsp_ch=\"on\"\n\t\t\t\t\t\t\t\tdata-xy=\"x:50px;y:50px;\"\n\t\t\t\t\t\t\t\tdata-text=\"w:normal;\"\n\t\t\t\t\t\t\t\tdata-dim=\"w:1280px;h:720px;\"\n\t\t\t\t\t\t\t\tdata-video=\"vfc:true;vd:100;l:false;ptimer:false;\"\n\t\t\t\t\t\t\t\tdata-poster=\"\/\/www.hawe-wester.de\/wp-content\/uploads\/revslider\/video-media\/HAWE-RUW5000-2026_50_layer.jpeg\"\n\t\t\t\t\t\t\t\tdata-mp4=\"\/\/www.hawe-wester.de\/wp-content\/uploads\/2026\/02\/HAWE-RUW5000-2026.mp4\"\n\t\t\t\t\t\t\t\tdata-frame_999=\"o:0;st:w;\"\n\t\t\t\t\t\t\t\tstyle=\"z-index:5;\"\n\t\t\t\t\t\t\t>\n\t\t\t\t\t\t\t<\/rs-layer><!--\n-->\t\t\t\t\t\t<\/rs-slide>\n\t\t\t\t\t\t<rs-slide style=\"position: absolute;\" data-key=\"rs-51\" data-title=\"Slide\" data-in=\"o:0;\" data-out=\"a:false;\">\n\t\t\t\t\t\t\t<img decoding=\"async\" src=\"\/\/www.hawe-wester.de\/wp-content\/plugins\/revslider\/public\/assets\/assets\/dummy.png\" alt=\"Slide\" title=\"News &amp; Events\" class=\"rev-slidebg tp-rs-img rs-lazyload\" data-lazyload=\"\/\/www.hawe-wester.de\/wp-content\/plugins\/revslider\/public\/assets\/assets\/transparent.png\" data-no-retina>\n<!--\n\t\t\t\t\t\t\t--><rs-layer\n\t\t\t\t\t\t\t\tid=\"slider-17-slide-51-layer-0\" \n\t\t\t\t\t\t\t\tclass=\"rs-layer-video intrinsic-ignore\"\n\t\t\t\t\t\t\t\tdata-type=\"video\"\n\t\t\t\t\t\t\t\tdata-rsp_ch=\"on\"\n\t\t\t\t\t\t\t\tdata-xy=\"x:50px;y:50px;\"\n\t\t\t\t\t\t\t\tdata-text=\"w:normal;\"\n\t\t\t\t\t\t\t\tdata-dim=\"w:1280px;h:720px;\"\n\t\t\t\t\t\t\t\tdata-video=\"vfc:true;vd:100;l:false;ptimer:false;\"\n\t\t\t\t\t\t\t\tdata-poster=\"\/\/www.hawe-wester.de\/wp-content\/uploads\/revslider\/video-media\/HAWE-RUW5000-2026_50_layer.jpeg\"\n\t\t\t\t\t\t\t\tdata-mp4=\"\/\/www.hawe-wester.de\/wp-content\/uploads\/2026\/02\/HAWE-RUW5000-2026.mp4\"\n\t\t\t\t\t\t\t\tdata-frame_999=\"o:0;st:w;\"\n\t\t\t\t\t\t\t\tstyle=\"z-index:5;\"\n\t\t\t\t\t\t\t>\n\t\t\t\t\t\t\t<\/rs-layer><!--\n-->\t\t\t\t\t\t<\/rs-slide>\n\t\t\t\t\t<\/rs-slides>\n\t\t\t\t<\/rs-module>\n\t\t\t\t<script type=\"text\/javascript\">\n\t\t\t\t\tsetREVStartSize({c: 'rev_slider_17_1',rl:[1240,1024,640,360],el:[900],gw:[1240],gh:[900],type:'standard',justify:'',layout:'fullwidth',mh:\"0\"});if (window.RS_MODULES!==undefined && window.RS_MODULES.modules!==undefined && window.RS_MODULES.modules[\"revslider171\"]!==undefined) {window.RS_MODULES.modules[\"revslider171\"].once = false;window.revapi17 = undefined;if (window.RS_MODULES.checkMinimal!==undefined) window.RS_MODULES.checkMinimal()}\n\t\t\t\t<\/script>\n\t\t\t<\/rs-module-wrap>\n\t\t\t<!-- END REVOLUTION SLIDER -->\n[vc_column_text css=&#8221;.vc_custom_1771338142582{padding-top: 20px !important;padding-right: 20px !important;padding-bottom: 20px !important;padding-left: 20px !important;background-color: #ffffff !important;}&#8221;]15.02.2026<\/p>\n<p>We are pleased to announce a major update for the RUW\u2011A sugar beet trailer body for the upcoming 2026 season.<br \/>\nWith this product refresh, the RUW\u2011A is entering a new generation of efficiency, operator convenience, and durability.<br \/>Our engineering team has completely redesigned the hydraulic system, and all innovations are now flowing into ongoing series production.<\/p>\n<p>Our engineering team has completely redesigned the hydraulic system, and all innovations are now flowing into ongoing series production.<\/p>\n<p>Key Improvements at a Glance<\/p>\n<p>\u2022 ISOBUS-Betrieb jetzt standardm\u00e4\u00dfig<br \/>\nVollst\u00e4ndige Integration in das vorhandene ISOBUS-Terminal des Traktors f\u00fcr m\u00fchelose Steuerung.<br \/>\nEine spezielle Version f\u00fcr Traktoren ohne ISOBUS-Ausstattung ist ebenfalls erh\u00e4ltlich.<\/p>\n<p>\u2022 ISOBUS operation now standard<br \/>\nFull integration into the tractor\u2019s existing ISOBUS terminal for effortless control.<br \/>\nA dedicated version for tractors without ISOBUS equipment is also available.<\/p>\n<p>\u2022 New HAWE coating standard for maximum durability<br \/>\nHigh\u2011quality KTL (cathodic dip coating) primer combined with a robust powder coating finish ensures outstanding corrosion protection and long-term value retention.<\/p>\n<p>&nbsp;<\/p>\n<p>With these advancements, the RUW\u2011A continues to set new benchmarks in performance, reliability, and operator\u2011friendly design.<\/p>\n<p>If you have any questions or would like further information, we will be happy to assist you at any time.[\/vc_column_text]<div data-id=\"mpc_divider-2869d63519067fd\" class=\"mpc-divider-wrap\"><div class=\"mpc-divider mpc-init mpc-align--center mpc-disable--left \" ><div class=\"mpc-divider__line mpc-side--left\"><span><\/span><\/div><div class=\"mpc-divider__line mpc-side--right\"><span><\/span><\/div><\/div><\/div>[vc_column_text css_animation=&#8221;slideInRight&#8221; css=&#8221;&#8221;]<\/p>\n<h2 class=\"vc_custom_heading vc_custom_1683272772720\" style=\"text-align: center;\"><span style=\"color: #8b9ca0;\">HAWE-WESTER GmbH &amp; Co KG presents the new DST 24 PRO<\/span><\/h2>\n<h2 style=\"text-align: center;\"><span style=\"color: #8b9ca0;\"><strong> <\/strong><\/span><\/h2>\n<p>[\/vc_column_text][vc_single_image image=&#8221;37300&#8243; img_size=&#8221;520&#215;250&#8243; alignment=&#8221;center&#8221; css=&#8221;&#8221;][vc_column_text css=&#8221;.vc_custom_1717755663845{padding-top: 20px !important;padding-right: 20px !important;padding-bottom: 20px !important;padding-left: 20px !important;background-color: #ffffff !important;}&#8221;]5.06.2024<br \/>\nThis universal spreader has been specially developed for large farms and contractors who value precise spreading of compost and other agricultural spreading materials.<\/p>\n<p>Main features of the <strong>DST 24 PRO:<\/strong><\/p>\n<ol>\n<li>Enormous capacity: With a capacity of up to 35 m\u00b3 (depending on equipment), the DST 24 PRO guarantees efficient spreading.<\/li>\n<li>High payload: Thanks to state-of-the-art chassis technology and large tyres, the DST 24 PRO offers a high volume combined with a high payload.<\/li>\n<li>Precise spreading: Thanks to the robust spreading unit with two spreading rollers, cardanically driven by shafts and gears, two spreading discs, metering slide and four strong scraper floor chains, the DST 24 PRO distributes the high-quality fertiliser precisely across the field.<\/li>\n<li>Comfort and precision: The hydraulic axle suspension and hydropneumatic suspension ensure a smooth ride. Equipped with ISOBUS control and a high-precision weighing system as standard, the new DST 24 PRO enables optimum spreading material distribution. <\/li>\n<li>Smartfarming integration: The DST 24 PRO is ready for the digital future. Thanks to its smart farming functions, farms can organise their spreading work even more efficiently. <\/li>\n<li>Robust protection thanks to cathodic dip coating: Cathodic dip coating, which is also used for construction vehicles and equipment, offers reliable protection against extreme weather conditions and wear. This ensures durability and robustness <\/li>\n<\/ol>\n<p>[\/vc_column_text]<div data-id=\"mpc_divider-5169d635190683a\" class=\"mpc-divider-wrap\"><div class=\"mpc-divider mpc-init mpc-align--center mpc-disable--left \" ><div class=\"mpc-divider__line mpc-side--left\"><span><\/span><\/div><div class=\"mpc-divider__line mpc-side--right\"><span><\/span><\/div><\/div><\/div>[vc_column_text css_animation=&#8221;slideInRight&#8221;]<\/p>\n<h2 class=\"vc_custom_heading vc_custom_1683272772720\" style=\"text-align: center;\"><span style=\"color: #8b9ca0;\">HAWE Wester switches to the type approval procedure<\/span><\/h2>\n<h2 style=\"text-align: center;\"><span style=\"color: #8b9ca0;\"><strong> <\/strong><\/span><\/h2>\n<p>[\/vc_column_text][vc_single_image image=&#8221;36649&#8243; img_size=&#8221;520&#215;250&#8243; alignment=&#8221;center&#8221;][vc_column_text css=&#8221;.vc_custom_1688458415223{padding-top: 20px !important;padding-right: 20px !important;padding-bottom: 20px !important;padding-left: 20px !important;background-color: #ffffff !important;}&#8221;]1.05.2023<br \/>\nTogether with DLG TestService GmbH, we have introduced a type approval procedure for almost the entire HAWE Wester product range. which now enables simplified approval in all EU member states. Mehr Infos <a href=\"https:\/\/www.dlg.org\/de\/landwirtschaft\/tests\/mehraufwand-ist-mit-der-typengenehmigung-vom-tisch\" target=\"_blank\" rel=\"noopener\">hier\u2026<\/a>[\/vc_column_text]<div data-id=\"mpc_divider-8369d6351906866\" class=\"mpc-divider-wrap\"><div class=\"mpc-divider mpc-init mpc-align--center mpc-disable--left \" ><div class=\"mpc-divider__line mpc-side--left\"><span><\/span><\/div><div class=\"mpc-divider__line mpc-side--right\"><span><\/span><\/div><\/div><\/div>[vc_column_text css_animation=&#8221;slideInRight&#8221;]<\/p>\n<h2 style=\"text-align: center;\"><span style=\"color: #8b9ca0;\"><strong>THE NEW TST 14<\/strong><\/span><\/h2>\n<p>[\/vc_column_text][vc_gallery interval=&#8221;3&#8243; images=&#8221;36154,36156,36158&#8243; img_size=&#8221;1000&#215;750&#8243;][vc_column_text css=&#8221;.vc_custom_1731672839302{padding-top: 20px !important;padding-right: 20px !important;padding-bottom: 20px !important;padding-left: 20px !important;background-color: #ffffff !important;}&#8221;]<\/p>\n<h4>1.06.2022<\/h4>\n<p>[\/vc_column_text][vc_column_text css=&#8221;.vc_custom_1731672849276{padding-top: 20px !important;padding-right: 20px !important;padding-bottom: 20px !important;padding-left: 20px !important;background-color: #ffffff !important;}&#8221;]With the new TST 14 model, HAWE-Wester is expanding its product range for the 2023 season with a low-bed spreader.<br \/>\nThe TST 14 has a loading volume of up to 15m\u00b3 and a compact design with an overall width of just 3 metres. The low design &#8211; loading height of approx. 2.75 m &#8211; enables uncomplicated loading with a low centre of gravity for stable and safe driving.<\/p>\n<p>The self-supporting tub is made of a 5 mm thick one-piece floor plate and 4 mm thick side walls.<\/p>\n<p>Various tyre options up to a maximum of 210 cm diameter and 710 mm width offer very low rolling resistance and enormous ease of pulling.<\/p>\n<p>The well-engineered and proven HAWE technology with two horizontal beater shafts and spreading discs, scraper floor with two conveyor strands &#8211; a total of 4 chains of 14 x 50 mm &#8211; guarantee the optimum spreading of all spreading materials.<\/p>\n<p>Many other equipment variants are available for adaptation to the most diverse operating conditions. Of course, all vehicles can be equipped with the proven components for precision farming.<\/p>\n<p>Further Informations about TST 14 <a href=\"https:\/\/www.hawe-wester.de\/en\/dst-universal-spreader\/\">here<\/a>&#8230;[\/vc_column_text]<div data-id=\"mpc_divider-5169d635190688f\" class=\"mpc-divider-wrap\"><div class=\"mpc-divider mpc-init mpc-align--center mpc-disable--left \" ><div class=\"mpc-divider__line mpc-side--left\"><span><\/span><\/div><div class=\"mpc-divider__line mpc-side--right\"><span><\/span><\/div><\/div><\/div>[vc_column_text css_animation=&#8221;slideInRight&#8221;]<\/p>\n<h2 style=\"text-align: center;\"><span style=\"color: #8b9ca0;\"><strong>New HAWE Cover System<\/strong><\/span><\/h2>\n<p>[\/vc_column_text][vc_gallery interval=&#8221;3&#8243; images=&#8221;33763,33761,33759&#8243; img_size=&#8221;1000&#215;750&#8243;][vc_column_text css=&#8221;.vc_custom_1688458446282{padding-top: 20px !important;padding-right: 20px !important;padding-bottom: 20px !important;padding-left: 20px !important;background-color: #ffffff !important;}&#8221;]<\/p>\n<h4>Press release from 8. October<\/h4>\n<p>Since August 2019, all HAWE SLW Silage transport trailers and the SLW-A for the WPS body swap system have been equipped with a new load compartment cover. The new HAWE Cover System ensures loss-free transport of shredded material. The HAWE Cover consists of two cover elements attached to the vehicle, which are controlled by two maintenance-free hydraulic motors. The fast-closing system can be easily operated from the driver&#8217;s cab. The assembly is easy and convenient on the side walls of the transport vehicle.<\/p>\n<p>The details in detail:<br \/>\nNet<\/p>\n<p>&#8211; PES mesh fabric with PVC coating<br \/>\n&#8211; Webbing sewn all round for optimum stability<br \/>\n&#8211; Quick assembly thanks to pre-drilled holes<\/p>\n<p>Scaffolding<br \/>\n&#8211; Sturdy steel construction<br \/>\n&#8211; Quick and easy assembly<br \/>\n&#8211; Good handling of the parts<br \/>\n&#8211; Long-lasting colour thanks to cathodic dip painting (KTL) with powder coating<\/p>\n<p>Drive<br \/>\n&#8211; Driven by hydraulic motors with integrated brake for optimum hold in the end positions<br \/>\n&#8211; Adjustable folding speed<br \/>\n&#8211; Drive via tractor hydraulics through only one double-acting connection from the tractor<\/p>\n<p>All HAWE vehicles are designed for use with modern large tractors. Modern operating concepts relieve the driver and guarantee maximum efficiency of the entire harvest chain.[\/vc_column_text][\/vc_column][\/vc_row]<\/p>\n<\/div>","protected":false},"excerpt":{"rendered":"<p>[vc_row full_width=&#8221;stretch_row&#8221; gap=&#8221;10&#8243; css=&#8221;.vc_custom_1688459070822{margin-top: -50px !important;padding-top: 50px !important;background-color: #f3f3f3 !important;}&#8221;][vc_column width=&#8221;1\/2&#8243; css=&#8221;.vc_custom_1732711707099{background-color: #555555 !important;}&#8221;][vc_column_text css_animation=&#8221;slideInLeft&#8221;] Dates [\/vc_column_text][\/vc_column][vc_column width=&#8221;1\/2&#8243; css=&#8221;.vc_custom_1688458086045{background-color: #ffffff !important;}&#8221;][vc_column_text css_animation=&#8221;slideInRight&#8221; css=&#8221;&#8221;] The new generation RUW-A 5000 [\/vc_column_text][vc_column_text css=&#8221;.vc_custom_1771338142582{padding-top: 20px !important;padding-right: 20px !important;padding-bottom: 20px !important;padding-left: 20px !important;background-color: #ffffff !important;}&#8221;]15.02.2026 We are pleased to announce a major update for the RUW\u2011A sugar beet trailer body<\/p>\n","protected":false},"author":1,"featured_media":0,"parent":0,"menu_order":0,"comment_status":"closed","ping_status":"closed","template":"","meta":{"footnotes":""},"class_list":["post-33174","page","type-page","status-publish","hentry"],"_links":{"self":[{"href":"https:\/\/www.hawe-wester.de\/en\/wp-json\/wp\/v2\/pages\/33174","targetHints":{"allow":["GET"]}}],"collection":[{"href":"https:\/\/www.hawe-wester.de\/en\/wp-json\/wp\/v2\/pages"}],"about":[{"href":"https:\/\/www.hawe-wester.de\/en\/wp-json\/wp\/v2\/types\/page"}],"author":[{"embeddable":true,"href":"https:\/\/www.hawe-wester.de\/en\/wp-json\/wp\/v2\/users\/1"}],"replies":[{"embeddable":true,"href":"https:\/\/www.hawe-wester.de\/en\/wp-json\/wp\/v2\/comments?post=33174"}],"version-history":[{"count":277,"href":"https:\/\/www.hawe-wester.de\/en\/wp-json\/wp\/v2\/pages\/33174\/revisions"}],"predecessor-version":[{"id":38324,"href":"https:\/\/www.hawe-wester.de\/en\/wp-json\/wp\/v2\/pages\/33174\/revisions\/38324"}],"wp:attachment":[{"href":"https:\/\/www.hawe-wester.de\/en\/wp-json\/wp\/v2\/media?parent=33174"}],"curies":[{"name":"wp","href":"https:\/\/api.w.org\/{rel}","templated":true}]}}