{"id":33184,"date":"2019-03-19T10:27:18","date_gmt":"2019-03-19T10:27:18","guid":{"rendered":"https:\/\/www.hawe-wester.de\/equipment-ulw\/"},"modified":"2025-02-11T07:51:12","modified_gmt":"2025-02-11T07:51:12","slug":"equipment-ulw","status":"publish","type":"page","link":"https:\/\/www.hawe-wester.de\/en\/equipment-ulw\/","title":{"rendered":"Equipment ULW"},"content":{"rendered":"<div class=\"wpb-content-wrapper\"><p>[vc_row css=&#8221;.vc_custom_1545055760423{border-left-width: 5px !important;background-color: #f9f9f9 !important;border-left-color: #f9f9f9 !important;}&#8221;][vc_column width=&#8221;1\/5&#8243;][\/vc_column][vc_column width=&#8221;1\/5&#8243;][vc_column_text css=&#8221;&#8221;]<\/p>\n<h3>Auger diameter<\/h3>\n<p>[\/vc_column_text][vc_single_image image=&#8221;37907&#8243; img_size=&#8221;500&#215;500&#8243; css=&#8221;&#8221;][vc_column_text css=&#8221;&#8221;]ULW 1500 \u00d8 420 mm ULW2000, ULW2500, ULW3000 \u00d8 500 mm ULW3500, ULW4000, ULW5000 \u00d8 600 mm. The large-diameter auger ensures that the product is unloaded quickly and without<br \/>damage. The star bearing is designed for smooth, low-maintenance, long-term use.[\/vc_column_text][\/vc_column][vc_column width=&#8221;1\/5&#8243;][vc_column_text css=&#8221;&#8221;]<\/p>\n<h3>discharge chute<\/h3>\n<p>[\/vc_column_text][vc_single_image image=&#8221;37911&#8243; img_size=&#8221;500&#215;500&#8243; css=&#8221;&#8221;][vc_column_text css=&#8221;&#8221;]The hydraulic-swivel discharge chute allows precision filling of haulage vehicles. (optional)[\/vc_column_text][\/vc_column][vc_column width=&#8221;1\/5&#8243;][vc_column_text css=&#8221;&#8221;]<\/p>\n<h3>Seed\/fertiliser chute<\/h3>\n<p>[\/vc_column_text][vc_single_image image=&#8221;37915&#8243; img_size=&#8221;500&#215;500&#8243; css=&#8221;&#8221;][vc_column_text css=&#8221;&#8221;]The hydraulic-swivel discharge chute allows precision filling of haulage vehicles Low transport vehicles can also be loaded efficiently without losses (optional).[\/vc_column_text][\/vc_column][vc_column width=&#8221;1\/5&#8243;][\/vc_column][\/vc_row][vc_row css=&#8221;.vc_custom_1736858184220{border-left-width: 5px !important;background-color: #ffffff !important;border-color: #f9f9f9 !important;}&#8221;][vc_column width=&#8221;1\/5&#8243;][\/vc_column][vc_column width=&#8221;3\/5&#8243;][vc_column_text css=&#8221;&#8221;]<\/p>\n<h3>Drawbar<\/h3>\n<h5><\/h5>\n<p>[\/vc_column_text][vc_media_grid gap=&#8221;25&#8243; css=&#8221;&#8221; initial_loading_animation=&#8221;none&#8221; grid_id=&#8221;vc_gid:1736950355384-9eff8e8c-3f8b-1&#8243; include=&#8221;37925,37923,37921&#8243;][vc_column_text css=&#8221;&#8221;]Choice of top or bottom hitch. Hydraulic drawbar damper available for bottom hitch. For improved driving comfort and reduced impact load on vehicle and driver.[\/vc_column_text][\/vc_column][vc_column width=&#8221;1\/5&#8243;][\/vc_column][\/vc_row][vc_row css=&#8221;.vc_custom_1545055760423{border-left-width: 5px !important;background-color: #f9f9f9 !important;border-left-color: #f9f9f9 !important;}&#8221;][vc_column width=&#8221;1\/5&#8243;][\/vc_column][vc_column width=&#8221;1\/5&#8243;][vc_column_text css=&#8221;&#8221;]<\/p>\n<h3>Chamber<\/h3>\n<p>[\/vc_column_text][vc_single_image image=&#8221;37946&#8243; img_size=&#8221;500&#215;500&#8243; css=&#8221;&#8221;][vc_column_text css=&#8221;&#8221;]<\/p>\n<h5>The large-volume chamber is emptied evenly over its entire length by two specially designed augers located at the base of the chamber.<\/h5>\n<p>[\/vc_column_text][\/vc_column][vc_column width=&#8221;1\/5&#8243;][vc_column_text css=&#8221;&#8221;]<\/p>\n<h3>Hopper auger<\/h3>\n<p>[\/vc_column_text][vc_single_image image=&#8221;37944&#8243; img_size=&#8221;500&#215;500&#8243; css=&#8221;&#8221;][vc_column_text css=&#8221;&#8221;]<\/p>\n<h5>These hopper augers are activated by a hydraulic clutch The feed rate can be reduced by repositioning the drive shaft on the gearbox. This ensures that the system runs smoothly without adjustment of the hopper auger cover.<\/h5>\n<p>[\/vc_column_text][\/vc_column][vc_column width=&#8221;1\/5&#8243;][vc_column_text css=&#8221;&#8221;]<\/p>\n<h3>Cleaning<\/h3>\n<p>[\/vc_column_text][vc_single_image image=&#8221;37942&#8243; img_size=&#8221;500&#215;500&#8243; css=&#8221;&#8221;][vc_column_text css=&#8221;&#8221;]The hydraulically-operated cleaning or discharge slide at the lowest point in the chamber and cleaning hatch in the unloading auger make it easy to switch to different crops or fertilizers.[\/vc_column_text][\/vc_column][vc_column width=&#8221;1\/5&#8243;][\/vc_column][\/vc_row][vc_row css=&#8221;.vc_custom_1736947077566{border-left-width: 5px !important;border-color: #f9f9f9 !important;}&#8221;][vc_column width=&#8221;1\/3&#8243;][vc_column_text css=&#8221;&#8221;]<\/p>\n<h3>User-friendly controls<\/h3>\n<p>[\/vc_column_text][vc_media_grid element_width=&#8221;6&#8243; gap=&#8221;25&#8243; css=&#8221;&#8221; initial_loading_animation=&#8221;none&#8221; grid_id=&#8221;vc_gid:1736950355392-d593cd40-78ae-2&#8243; include=&#8221;37961,37959&#8243;][vc_column_text css=&#8221;&#8221;]Optional electric comfort controls or ISO-Bus control of the transfer trailer.<\/p>\n<p>[\/vc_column_text][\/vc_column][vc_column width=&#8221;1\/3&#8243;][vc_column_text css=&#8221;&#8221;]<\/p>\n<h3>Weighing system<\/h3>\n<p>[\/vc_column_text][vc_media_grid element_width=&#8221;6&#8243; gap=&#8221;25&#8243; css=&#8221;&#8221; initial_loading_animation=&#8221;none&#8221; grid_id=&#8221;vc_gid:1736950355392-83e517d4-709b-1&#8243; include=&#8221;37955,37957&#8243;][vc_column_text css=&#8221;&#8221;]Weighing system with digital display and USB data transfer, patented AUTOLOG system for automatic weighing with PC software for analysis and documentation (optional).<\/p>\n<p>[\/vc_column_text][\/vc_column][vc_column width=&#8221;1\/3&#8243;][vc_column_text css=&#8221;&#8221;]<\/p>\n<h3>WLAN control<\/h3>\n<p>[\/vc_column_text][vc_media_grid element_width=&#8221;6&#8243; gap=&#8221;25&#8243; item=&#8221;masonryMedia_Default&#8221; css=&#8221;&#8221; initial_loading_animation=&#8221;none&#8221; grid_id=&#8221;vc_gid:1736950355393-18ff36d7-67c7-4&#8243; include=&#8221;35500,35499&#8243;][vc_column_text css=&#8221;&#8221;]Can now also be comfortable controlled via WLAN from your mobile appliance, such as a smart phone or tablet. All harvest data available if and when you need it! Easy display and control. Available as free app for all Android and IOS systems.[\/vc_column_text][\/vc_column][\/vc_row][vc_row css=&#8221;.vc_custom_1545055760423{border-left-width: 5px !important;background-color: #f9f9f9 !important;border-left-color: #f9f9f9 !important;}&#8221;][vc_column width=&#8221;1\/6&#8243;][vc_single_image image=&#8221;34395&#8243; img_size=&#8221;300&#215;200&#8243;][\/vc_column][vc_column width=&#8221;1\/6&#8243;][vc_single_image image=&#8221;34397&#8243; img_size=&#8221;300&#215;200&#8243;][\/vc_column][vc_column width=&#8221;2\/3&#8243;][vc_column_text]<\/p>\n<h3>Spotlights\/lighting and camera system<\/h3>\n<h5>Camera system at the auger outlet, in the chamber and on the rear wall available on request. High-quality LED spotlights for optimal night-time visibility.<\/h5>\n<p>[\/vc_column_text][\/vc_column][\/vc_row][vc_row css=&#8221;.vc_custom_1545055760423{border-left-width: 5px !important;background-color: #f9f9f9 !important;border-left-color: #f9f9f9 !important;}&#8221;][vc_column width=&#8221;1\/6&#8243;][\/vc_column][vc_column width=&#8221;1\/6&#8243;][vc_single_image image=&#8221;35501&#8243; img_size=&#8221;300&#215;200&#8243;][\/vc_column][vc_column width=&#8221;2\/3&#8243;][vc_column_text]<\/p>\n<h3>Roll-up cover \/ Ladder access<\/h3>\n<h5>The HAWE roll-up cover system comes as standard and is extremely easy to use for protection against moisture and rain. The cover is firmly attached by a toothed rack system, making additional ratchet or similar fixings unnecessary. It is simple and straightforward to operate from the ground.<\/h5>\n<p>[\/vc_column_text][\/vc_column][\/vc_row][vc_row][vc_column][vc_column_text]<\/p>\n<h3 style=\"text-align: left;\">Equipment Field transfer trailer ULW 1500 \/ ULW 2000 \/ ULW 2500 \/ ULW 3000<\/h3>\n<p>[\/vc_column_text][\/vc_column][\/vc_row][vc_row css=&#8221;.vc_custom_1545055760423{border-left-width: 5px !important;background-color: #f9f9f9 !important;border-left-color: #f9f9f9 !important;}&#8221;][vc_column width=&#8221;1\/6&#8243;][\/vc_column][vc_column width=&#8221;1\/6&#8243;][vc_single_image image=&#8221;31721&#8243; img_size=&#8221;300&#215;200&#8243;][\/vc_column][vc_column width=&#8221;2\/3&#8243;][vc_column_text]<\/p>\n<h3>Seed auger<\/h3>\n<h5>Increased efficiency through the hydraulic swivel seed and fertiliser auger for highly efficient filling of drillers and fertiliser spreaders with wide working widths.<\/h5>\n<p>[\/vc_column_text][\/vc_column][\/vc_row][vc_row css=&#8221;.vc_custom_1545055760423{border-left-width: 5px !important;background-color: #f9f9f9 !important;border-left-color: #f9f9f9 !important;}&#8221;][vc_column width=&#8221;1\/6&#8243;][\/vc_column][vc_column width=&#8221;1\/6&#8243;][vc_single_image image=&#8221;31177&#8243; img_size=&#8221;300&#215;200&#8243;][\/vc_column][vc_column width=&#8221;2\/3&#8243;][vc_column_text]<\/p>\n<h3>Body-swap running gear<\/h3>\n<h5>The HAWE body-swap system enables you to exploit your high-quality tandem or tridem running gear to the full. Matching grain bodies are available from between 25 to 38 m 3 capacity.<\/h5>\n<p>[\/vc_column_text][\/vc_column][\/vc_row][vc_row][vc_column][vc_column_text]<\/p>\n<h3 style=\"text-align: left;\">Equipment Field transfer trailer ULW 3500 \/ ULW 4000 \/ ULW 5000<\/h3>\n<p>[\/vc_column_text][\/vc_column][\/vc_row][vc_row css=&#8221;.vc_custom_1545055760423{border-left-width: 5px !important;background-color: #f9f9f9 !important;border-left-color: #f9f9f9 !important;}&#8221;][vc_column width=&#8221;1\/6&#8243;][\/vc_column][vc_column width=&#8221;1\/6&#8243;][vc_single_image image=&#8221;34405&#8243; img_size=&#8221;300&#215;200&#8243;][\/vc_column][vc_column width=&#8221;2\/3&#8243;][vc_column_text]<\/p>\n<h3>Hydraulic drawbar suspension<\/h3>\n<h5>Extremely robust design improves driving comfort and reduces the impact load on vehicle and driver.<\/h5>\n<p>[\/vc_column_text][\/vc_column][\/vc_row][vc_row css=&#8221;.vc_custom_1545055760423{border-left-width: 5px !important;background-color: #f9f9f9 !important;border-left-color: #f9f9f9 !important;}&#8221;][vc_column width=&#8221;1\/6&#8243;][vc_single_image image=&#8221;35498&#8243; img_size=&#8221;300&#215;200&#8243;][\/vc_column][vc_column width=&#8221;1\/6&#8243;][vc_single_image image=&#8221;34407&#8243; img_size=&#8221;300&#215;200&#8243;][\/vc_column][vc_column width=&#8221;2\/3&#8243;][vc_column_text]<\/p>\n<h3>Swiveling discharge pipe<\/h3>\n<h5>For fast, accurate offloading. Transfer range up to 4.00 m, auger delivery height up to 5.70 m.<\/h5>\n<p>[\/vc_column_text][\/vc_column][\/vc_row][vc_row css=&#8221;.vc_custom_1545055760423{border-left-width: 5px !important;background-color: #f9f9f9 !important;border-left-color: #f9f9f9 !important;}&#8221;][vc_column width=&#8221;1\/6&#8243;][vc_single_image image=&#8221;31809&#8243; img_size=&#8221;300&#215;200&#8243;][\/vc_column][vc_column width=&#8221;1\/6&#8243;][vc_single_image image=&#8221;31807&#8243; img_size=&#8221;300&#215;200&#8243;][\/vc_column][vc_column width=&#8221;2\/3&#8243;][vc_column_text]<\/p>\n<h3>Seed\/fertiliser chute<\/h3>\n<h5>The folding, hydraulically-adjustable seed and fertiliser chute guarantees accurate filling of seed drills and fertiliser spreaders. Low transport vehicles can also be loaded efficiently without losses (optional).<\/h5>\n<p>&nbsp;<\/p>\n<p>[\/vc_column_text][\/vc_column][\/vc_row][vc_row css=&#8221;.vc_custom_1545055760423{border-left-width: 5px !important;background-color: #f9f9f9 !important;border-left-color: #f9f9f9 !important;}&#8221;][vc_column width=&#8221;1\/6&#8243;][vc_single_image image=&#8221;34411&#8243; img_size=&#8221;300&#215;200&#8243;][\/vc_column][vc_column width=&#8221;1\/6&#8243;][vc_single_image image=&#8221;34409&#8243; img_size=&#8221;300&#215;200&#8243;][\/vc_column][vc_column width=&#8221;2\/3&#8243;][vc_column_text]<\/p>\n<h3>Body-swap running gear<\/h3>\n<h5>The HAWE body-swap system enables you to exploit your high-quality tandem or tridem running gear to the full. Matching grain bodies are available from between 25 to 38 m 3 capacity. As another ground-friendly suspension concept we offer a WPS caterpillar drive for a much wider range of applications.<\/h5>\n<p>[\/vc_column_text][\/vc_column][\/vc_row][vc_row css=&#8221;.vc_custom_1480278415555{padding-top: 60px !important;}&#8221;][vc_column][vc_custom_heading text=&#8221;Tire variants for all claims&#8221; font_container=&#8221;tag:h2|text_align:center&#8221; google_fonts=&#8221;font_family:Lato%3A100%2C100italic%2C300%2C300italic%2Cregular%2Citalic%2C700%2C700italic%2C900%2C900italic|font_style:400%20regular%3A400%3Anormal&#8221;][vc_text_separator title=&#8221;&#8221; i_icon_fontawesome=&#8221;fa fa-arrow-down&#8221; i_color=&#8221;grey&#8221; i_size=&#8221;sm&#8221; el_width=&#8221;30&#8243; add_icon=&#8221;true&#8221;][\/vc_column][\/vc_row][vc_row full_width=&#8221;stretch_row_content_no_spaces&#8221; css=&#8221;.vc_custom_1653298531203{padding-top: 60px !important;}&#8221;][vc_column width=&#8221;1\/4&#8243; css=&#8221;.vc_custom_1537450483983{padding-right: 0px !important;padding-left: 0px !important;}&#8221;][vc_single_image image=&#8221;35453&#8243; img_size=&#8221;150&#215;200&#8243; alignment=&#8221;center&#8221;]<div data-id=\"mpc_icon_column-4169ea46d144f07\" class=\"mpc-icon-column mpc-init mpc-parent-hover mpc-transition mpc-icon-column--style_1 mpc-align--center \" ><div class=\"mpc-icon-column__content-wrap\"><div class=\"mpc-icon-column__content\"><h3 class=\"mpc-icon-column__heading mpc-typography--preset_2 mpc-transition\">BKT FL 630 Super<\/h3><div class=\"mpc-icon-column__description mpc-transition\"><ul>\n<li style=\"text-align: left;\">the ideal tire for a multipurpose use on road and field<\/li>\n<li style=\"text-align: left;\">uniform running and high resistance<\/li>\n<\/ul>\n<\/div><\/div><\/div><\/div>[\/vc_column][vc_column width=&#8221;1\/4&#8243;][vc_single_image image=&#8221;35641&#8243; img_size=&#8221;150&#215;200&#8243; alignment=&#8221;center&#8221;]<div data-id=\"mpc_icon_column-7269ea46d144fed\" class=\"mpc-icon-column mpc-init mpc-parent-hover mpc-transition mpc-icon-column--style_1 mpc-align--center \" ><div class=\"mpc-icon-column__content-wrap\"><div class=\"mpc-icon-column__content\"><h3 class=\"mpc-icon-column__heading mpc-transition\">BKT RIDEMAX FL 693 M<\/h3><div class=\"mpc-icon-column__description mpc-transition\"><ul>\n<li style=\"text-align: left;\">For 75 per cent road use<\/li>\n<li style=\"text-align: left;\">Excellent performances on the road.<\/li>\n<li style=\"text-align: left;\">High comfort and self-cleaning<\/li>\n<li style=\"text-align: left;\">Speed index class D\/E for higher speeds on road journeys while saving significantly time<\/li>\n<li style=\"text-align: left;\">Low rolling resistance for fuel savings<\/li>\n<\/ul>\n<\/div><\/div><\/div><\/div>[\/vc_column][vc_column width=&#8221;1\/4&#8243;][vc_single_image image=&#8221;36062&#8243; img_size=&#8221;156&#215;200&#8243; alignment=&#8221;center&#8221;]<div data-id=\"mpc_icon_column-8169ea46d145087\" class=\"mpc-icon-column mpc-init mpc-parent-hover mpc-transition mpc-icon-column--style_1 mpc-align--center \" ><div class=\"mpc-icon-column__content-wrap\"><div class=\"mpc-icon-column__content\"><h3 class=\"mpc-icon-column__heading mpc-transition\">Alliance AGRIFLEX + 389 VF<\/h3><div class=\"mpc-icon-column__description mpc-transition\"><ul>\n<li style=\"text-align: left;\">The Alliance 389 VF flotation tire with \u201eVery High Flexion\u201c technology can be used with 30 percent lower tire pressure<\/li>\n<li style=\"text-align: left;\">Suitable for field use as well as for road transport<\/li>\n<\/ul>\n<\/div><\/div><\/div><\/div>[\/vc_column][vc_column width=&#8221;1\/4&#8243;][vc_single_image image=&#8221;36060&#8243; img_size=&#8221;170&#215;200&#8243; alignment=&#8221;center&#8221;]<div data-id=\"mpc_icon_column-7669ea46d145112\" class=\"mpc-icon-column mpc-init mpc-parent-hover mpc-transition mpc-icon-column--style_1 mpc-align--center \" ><div class=\"mpc-icon-column__content-wrap\"><div class=\"mpc-icon-column__content\"><h3 class=\"mpc-icon-column__heading mpc-transition\">Michelin TRAILXBIB High Flotation<\/h3><div class=\"mpc-icon-column__description mpc-transition\"><ul>\n<li style=\"text-align: left;\">Gentle to the floor<\/li>\n<li style=\"text-align: left;\">The tire can carry the same load with very low air pressure<\/li>\n<li style=\"text-align: left;\">Very good self-cleaning<\/li>\n<li style=\"text-align: left;\">Consistent center bar ensures a long service life and safe driving behavior on the road<\/li>\n<\/ul>\n<\/div><\/div><\/div><\/div>[\/vc_column][\/vc_row]<\/p>\n<\/div>","protected":false},"excerpt":{"rendered":"<p>[vc_row css=&#8221;.vc_custom_1545055760423{border-left-width: 5px !important;background-color: #f9f9f9 !important;border-left-color: #f9f9f9 !important;}&#8221;][vc_column width=&#8221;1\/5&#8243;][\/vc_column][vc_column width=&#8221;1\/5&#8243;][vc_column_text css=&#8221;&#8221;] Auger diameter [\/vc_column_text][vc_single_image image=&#8221;37907&#8243; img_size=&#8221;500&#215;500&#8243; css=&#8221;&#8221;][vc_column_text css=&#8221;&#8221;]ULW 1500 \u00d8 420 mm ULW2000, ULW2500, ULW3000 \u00d8 500 mm ULW3500, ULW4000, ULW5000 \u00d8 600 mm. The large-diameter auger ensures that the product is unloaded quickly and withoutdamage. The star bearing is designed for smooth, low-maintenance, long-term<\/p>\n","protected":false},"author":1,"featured_media":0,"parent":0,"menu_order":0,"comment_status":"closed","ping_status":"closed","template":"","meta":{"footnotes":""},"class_list":["post-33184","page","type-page","status-publish","hentry"],"_links":{"self":[{"href":"https:\/\/www.hawe-wester.de\/en\/wp-json\/wp\/v2\/pages\/33184","targetHints":{"allow":["GET"]}}],"collection":[{"href":"https:\/\/www.hawe-wester.de\/en\/wp-json\/wp\/v2\/pages"}],"about":[{"href":"https:\/\/www.hawe-wester.de\/en\/wp-json\/wp\/v2\/types\/page"}],"author":[{"embeddable":true,"href":"https:\/\/www.hawe-wester.de\/en\/wp-json\/wp\/v2\/users\/1"}],"replies":[{"embeddable":true,"href":"https:\/\/www.hawe-wester.de\/en\/wp-json\/wp\/v2\/comments?post=33184"}],"version-history":[{"count":16,"href":"https:\/\/www.hawe-wester.de\/en\/wp-json\/wp\/v2\/pages\/33184\/revisions"}],"predecessor-version":[{"id":38007,"href":"https:\/\/www.hawe-wester.de\/en\/wp-json\/wp\/v2\/pages\/33184\/revisions\/38007"}],"wp:attachment":[{"href":"https:\/\/www.hawe-wester.de\/en\/wp-json\/wp\/v2\/media?parent=33184"}],"curies":[{"name":"wp","href":"https:\/\/api.w.org\/{rel}","templated":true}]}}